{"id":46,"date":"2021-03-15T09:11:33","date_gmt":"2021-03-15T09:11:33","guid":{"rendered":"https:\/\/stressedplants.uav.ro\/wordpress\/?page_id=46"},"modified":"2021-04-09T13:06:17","modified_gmt":"2021-04-09T13:06:17","slug":"rezumat","status":"publish","type":"page","link":"https:\/\/stressedplants.uav.ro\/wordpress\/index.php\/rezumat\/","title":{"rendered":"Rezumat"},"content":{"rendered":"\n<p class=\"has-black-color has-text-color\">Dioxidul de carbon este principalul gaz de ser\u0103 emis \u00een atmosfer\u0103 datorit\u0103 activit\u0103\u021bilor umane. Concentra\u021bia global\u0103 de CO<sub>2<\/sub> a crescut mai mult ca niciodat\u0103 \u00een ultimii 20 de ani, de la 385 ppm \u00een 2010 la 416 ppm \u00een iunie 2020. Ipoteza de lucru a proiectului se bazeaz\u0103 pe faptul c\u0103 din cauza schimb\u0103rilor climatice (cre\u0219terea concentra\u021biei atmosferice de CO<sub>2<\/sub> \u0219i a temperaturii globale ), plantele supuse altor stresori (abiotici \u0219i biotici) tind s\u0103 dezvolte anumite mecanisme de ap\u0103rare, inclusiv emisia de diferi\u021bi compu\u0219i organici volatili \u0219i modificarea cailor metabolice.<br>Obiectivul general al prezentului studiu este de a investiga influen\u021ba tensiunilor abiotice \u0219i biotice asupra plantelor care au fost crescute in atmosfera de dioxidul de carbon crescut pentru a include emisia volatilelor \u00een modelele globale \u0219i pentru a determina modific\u0103rile aparute in sinteza de metaboliti secundari.<br>Elementele de originalitate \u0219i inova\u021bie ale prezentului proiect constau \u00een studii privind stresul indus (at\u00e2t abiotic, c\u00e2t \u0219i biotic) la plantele cultivate la concentra\u021bie mare de dioxid de carbon.<\/p>\n","protected":false},"excerpt":{"rendered":"<p>Dioxidul de carbon este principalul gaz de ser\u0103 emis \u00een atmosfer\u0103 datorit\u0103 activit\u0103\u021bilor umane. Concentra\u021bia global\u0103 de CO2 a crescut mai mult ca niciodat\u0103 \u00een ultimii 20 de ani, de la 385 ppm \u00een 2010 la 416 ppm \u00een iunie 2020. Ipoteza de lucru a proiectului se bazeaz\u0103 pe faptul c\u0103 din cauza schimb\u0103rilor climatice &hellip; <\/p>\n<p class=\"link-more\"><a href=\"https:\/\/stressedplants.uav.ro\/wordpress\/index.php\/rezumat\/\" class=\"more-link\">Continue reading<span class=\"screen-reader-text\"> &#8220;Rezumat&#8221;<\/span><\/a><\/p>\n","protected":false},"author":1,"featured_media":0,"parent":0,"menu_order":0,"comment_status":"closed","ping_status":"closed","template":"","meta":{"footnotes":""},"class_list":["post-46","page","type-page","status-publish","hentry"],"_links":{"self":[{"href":"https:\/\/stressedplants.uav.ro\/wordpress\/index.php\/wp-json\/wp\/v2\/pages\/46","targetHints":{"allow":["GET"]}}],"collection":[{"href":"https:\/\/stressedplants.uav.ro\/wordpress\/index.php\/wp-json\/wp\/v2\/pages"}],"about":[{"href":"https:\/\/stressedplants.uav.ro\/wordpress\/index.php\/wp-json\/wp\/v2\/types\/page"}],"author":[{"embeddable":true,"href":"https:\/\/stressedplants.uav.ro\/wordpress\/index.php\/wp-json\/wp\/v2\/users\/1"}],"replies":[{"embeddable":true,"href":"https:\/\/stressedplants.uav.ro\/wordpress\/index.php\/wp-json\/wp\/v2\/comments?post=46"}],"version-history":[{"count":3,"href":"https:\/\/stressedplants.uav.ro\/wordpress\/index.php\/wp-json\/wp\/v2\/pages\/46\/revisions"}],"predecessor-version":[{"id":143,"href":"https:\/\/stressedplants.uav.ro\/wordpress\/index.php\/wp-json\/wp\/v2\/pages\/46\/revisions\/143"}],"wp:attachment":[{"href":"https:\/\/stressedplants.uav.ro\/wordpress\/index.php\/wp-json\/wp\/v2\/media?parent=46"}],"curies":[{"name":"wp","href":"https:\/\/api.w.org\/{rel}","templated":true}]}}